{"id":2257,"date":"2025-05-15T16:18:23","date_gmt":"2025-05-15T20:18:23","guid":{"rendered":"https:\/\/mosehomeinspection.com\/quiz\/"},"modified":"2025-08-14T12:39:24","modified_gmt":"2025-08-14T16:39:24","slug":"reservez-inspection","status":"publish","type":"page","link":"https:\/\/mosehomeinspection.com\/fr\/reservez-inspection\/","title":{"rendered":"Reservez Inspection"},"content":{"rendered":"<p><div class=\"fusion-fullwidth fullwidth-box fusion-builder-row-1 fusion-flex-container has-pattern-background has-mask-background nonhundred-percent-fullwidth non-hundred-percent-height-scrolling position-relative\" style=\"--awb-border-radius-top-left:0px;--awb-border-radius-top-right:0px;--awb-border-radius-bottom-right:0px;--awb-border-radius-bottom-left:0px;--awb-padding-top:6.5vw;--awb-flex-wrap:wrap;\" ><div class=\"fusion-builder-row fusion-row fusion-flex-align-items-center fusion-flex-content-wrap\" style=\"max-width:83.2vw;margin-left: calc(-4% \/ 2 );margin-right: calc(-4% \/ 2 );\"><div class=\"fusion-layout-column fusion_builder_column fusion-builder-column-0 fusion_builder_column_1_2 1_2 fusion-flex-column fusion-animated\" style=\"--awb-bg-size:cover;--awb-width-large:50%;--awb-margin-top-large:0px;--awb-spacing-right-large:3.84%;--awb-margin-bottom-large:20px;--awb-spacing-left-large:3.84%;--awb-width-medium:50%;--awb-order-medium:0;--awb-spacing-right-medium:3.84%;--awb-spacing-left-medium:3.84%;--awb-width-small:100%;--awb-order-small:1;--awb-spacing-right-small:1.92%;--awb-spacing-left-small:1.92%;\" data-animationType=\"fadeInUp\" data-animationDuration=\"2.4\" data-animationDelay=\"1.8\" data-animationOffset=\"top-into-view\"><div class=\"fusion-column-wrapper fusion-column-has-shadow fusion-flex-justify-content-flex-start fusion-content-layout-column\"><div class=\"fusion-title title fusion-title-1 fusion-sep-none fusion-title-text fusion-title-size-one fusion-animated\" style=\"--awb-margin-top-small:10px;--awb-margin-right-small:0px;--awb-margin-bottom-small:10px;--awb-margin-left-small:0px;\" data-animationType=\"fadeInUp\" data-animationDuration=\"1.0\" data-animationDelay=\"1.7\" data-animationOffset=\"top-into-view\"><h1 class=\"fusion-title-heading title-heading-left fusion-responsive-typography-calculated\" style=\"margin:0;--fontSize:42.1875;line-height:var(--awb-typography1-line-height);\">Bienvenue ! Ce formulaire rapide vous permet de r\u00e9server votre inspection en moins de 2 minutes.<\/h1><\/div><div class=\"fusion-text fusion-text-1 fusion-text-no-margin\" style=\"--awb-margin-bottom:6px;\"><p>Ce que vous obtenez :<\/p>\n<\/div><div class=\"fusion-text fusion-text-2 fusion-text-no-margin\" style=\"--awb-margin-bottom:32px;\"><ul>\n<li>R\u00e9servation rapide et simple<\/li>\n<li>Tarification transparente<\/li>\n<li>Inspecteurs certifi\u00e9s et fiables<\/li>\n<\/ul>\n<\/div><div class=\"fusion-builder-row fusion-builder-row-inner fusion-row fusion-flex-align-items-center fusion-flex-content-wrap\" style=\"--awb-flex-grow:0;--awb-flex-grow-medium:0;--awb-flex-grow-small:0;--awb-flex-shrink:0;--awb-flex-shrink-medium:0;--awb-flex-shrink-small:0;width:104% !important;max-width:104% !important;margin-left: calc(-4% \/ 2 );margin-right: calc(-4% \/ 2 );\"><div class=\"fusion-layout-column fusion_builder_column_inner fusion-builder-nested-column-0 fusion_builder_column_inner_3_5 3_5 fusion-flex-column\" style=\"--awb-bg-size:cover;--awb-width-large:60%;--awb-margin-top-large:0px;--awb-spacing-right-large:3.2%;--awb-margin-bottom-large:0px;--awb-spacing-left-large:3.2%;--awb-width-medium:60%;--awb-order-medium:0;--awb-spacing-right-medium:3.2%;--awb-spacing-left-medium:3.2%;--awb-width-small:100%;--awb-order-small:0;--awb-spacing-right-small:1.92%;--awb-spacing-left-small:1.92%;\"><div class=\"fusion-column-wrapper fusion-column-has-shadow fusion-flex-justify-content-flex-start fusion-content-layout-column\"><div ><a class=\"fusion-button button-flat fusion-button-default-size button-default fusion-button-default button-1 fusion-button-span-yes fusion-button-default-type\" target=\"_self\" href=\"\/fr\/quiz\/\"><span class=\"fusion-button-text awb-button__text awb-button__text--default\">COMMENCER LA R\u00c9SERVATION<\/span><\/a><\/div><\/div><\/div><\/div><\/div><\/div><div class=\"fusion-layout-column fusion_builder_column fusion-builder-column-1 fusion_builder_column_1_2 1_2 fusion-flex-column fusion-animated\" style=\"--awb-bg-size:cover;--awb-width-large:50%;--awb-margin-top-large:0px;--awb-spacing-right-large:3.84%;--awb-margin-bottom-large:20px;--awb-spacing-left-large:3.84%;--awb-width-medium:50%;--awb-order-medium:0;--awb-spacing-right-medium:3.84%;--awb-spacing-left-medium:3.84%;--awb-width-small:100%;--awb-order-small:0;--awb-spacing-right-small:1.92%;--awb-spacing-left-small:1.92%;\" data-animationType=\"fadeInUp\" data-animationDuration=\"1.0\" data-animationDelay=\"1.9\" data-animationOffset=\"top-into-view\"><div class=\"fusion-column-wrapper fusion-column-has-shadow fusion-flex-justify-content-flex-start fusion-content-layout-column\"><div class=\"fusion-image-element \" style=\"--awb-caption-title-font-family:var(--h2_typography-font-family);--awb-caption-title-font-weight:var(--h2_typography-font-weight);--awb-caption-title-font-style:var(--h2_typography-font-style);--awb-caption-title-size:var(--h2_typography-font-size);--awb-caption-title-transform:var(--h2_typography-text-transform);--awb-caption-title-line-height:var(--h2_typography-line-height);--awb-caption-title-letter-spacing:var(--h2_typography-letter-spacing);\"><span class=\" fusion-imageframe imageframe-none imageframe-1 hover-type-none\"><img decoding=\"async\" width=\"690\" height=\"610\" title=\"Mask group\" src=\"https:\/\/mosehomeinspection.com\/wp-content\/uploads\/2025\/05\/Mask-group-4.png\" data-orig-src=\"https:\/\/mosehomeinspection.com\/wp-content\/uploads\/2025\/05\/Mask-group-4.png\" alt class=\"lazyload img-responsive wp-image-1159\" srcset=\"data:image\/svg+xml,%3Csvg%20xmlns%3D%27http%3A%2F%2Fwww.w3.org%2F2000%2Fsvg%27%20width%3D%27690%27%20height%3D%27610%27%20viewBox%3D%270%200%20690%20610%27%3E%3Crect%20width%3D%27690%27%20height%3D%27610%27%20fill-opacity%3D%220%22%2F%3E%3C%2Fsvg%3E\" data-srcset=\"https:\/\/mosehomeinspection.com\/wp-content\/uploads\/2025\/05\/Mask-group-4-200x177.png 200w, https:\/\/mosehomeinspection.com\/wp-content\/uploads\/2025\/05\/Mask-group-4-400x354.png 400w, https:\/\/mosehomeinspection.com\/wp-content\/uploads\/2025\/05\/Mask-group-4-600x530.png 600w, https:\/\/mosehomeinspection.com\/wp-content\/uploads\/2025\/05\/Mask-group-4.png 690w\" data-sizes=\"auto\" data-orig-sizes=\"(max-width: 640px) 100vw, 690px\" \/><\/span><\/div><\/div><\/div><\/div><\/div><div class=\"fusion-fullwidth fullwidth-box fusion-builder-row-2 fusion-flex-container has-pattern-background has-mask-background nonhundred-percent-fullwidth non-hundred-percent-height-scrolling\" style=\"--awb-border-radius-top-left:0px;--awb-border-radius-top-right:0px;--awb-border-radius-bottom-right:0px;--awb-border-radius-bottom-left:0px;--awb-padding-top:6.5vw;--awb-padding-bottom:6.5vw;--awb-padding-top-small:64px;--awb-padding-bottom-small:64px;--awb-background-color:var(--awb-color1);--awb-flex-wrap:wrap;\" ><div class=\"fusion-builder-row fusion-row fusion-flex-align-items-center fusion-flex-content-wrap\" style=\"max-width:83.2vw;margin-left: calc(-4% \/ 2 );margin-right: calc(-4% \/ 2 );\"><div class=\"fusion-layout-column fusion_builder_column fusion-builder-column-2 fusion_builder_column_1_4 1_4 fusion-flex-column fusion-animated\" style=\"--awb-bg-size:cover;--awb-width-large:25%;--awb-margin-top-large:0px;--awb-spacing-right-large:7.68%;--awb-margin-bottom-large:48px;--awb-spacing-left-large:7.68%;--awb-width-medium:25%;--awb-order-medium:0;--awb-spacing-right-medium:7.68%;--awb-spacing-left-medium:7.68%;--awb-width-small:100%;--awb-order-small:0;--awb-spacing-right-small:1.92%;--awb-margin-bottom-small:24px;--awb-spacing-left-small:1.92%;\" data-animationType=\"fadeInUp\" data-animationDuration=\"1.0\" data-animationOffset=\"top-into-view\"><div class=\"fusion-column-wrapper fusion-column-has-shadow fusion-flex-justify-content-flex-start fusion-content-layout-column\"><div class=\"fusion-title title fusion-title-2 fusion-sep-none fusion-title-text fusion-title-size-two fusion-animated\" style=\"--awb-margin-top-small:10px;--awb-margin-right-small:0px;--awb-margin-bottom-small:10px;--awb-margin-left-small:0px;\" data-animationType=\"fadeInUp\" data-animationDuration=\"1.0\" data-animationDelay=\"1.0\" data-animationOffset=\"top-into-view\"><h2 class=\"fusion-title-heading title-heading-left fusion-responsive-typography-calculated\" style=\"margin:0;--fontSize:37.96875;line-height:var(--awb-typography1-line-height);\">Avis de clients satisfaits<\/h2><\/div><\/div><\/div><div class=\"fusion-layout-column fusion_builder_column fusion-builder-column-3 fusion_builder_column_1_1 1_1 fusion-flex-column fusion-animated\" style=\"--awb-bg-size:cover;--awb-width-large:100%;--awb-margin-top-large:0px;--awb-spacing-right-large:1.92%;--awb-margin-bottom-large:20px;--awb-spacing-left-large:1.92%;--awb-width-medium:100%;--awb-order-medium:0;--awb-spacing-right-medium:1.92%;--awb-spacing-left-medium:1.92%;--awb-width-small:100%;--awb-order-small:0;--awb-spacing-right-small:1.92%;--awb-spacing-left-small:1.92%;\" data-animationType=\"fadeInUp\" data-animationDuration=\"1.0\" data-animationOffset=\"top-into-view\"><div class=\"fusion-column-wrapper fusion-column-has-shadow fusion-flex-justify-content-flex-start fusion-content-layout-column\">\r\n    <!-- Swiper HTML -->\r\n    <div class=\"testimonial-swiper-container\">\r\n        <div class=\"swiper mySwiper\">\r\n            <div class=\"swiper-wrapper\">\r\n                <div class=\"swiper-slide\">\r\n                            <div class=\"testimonial-card\">\r\n                                <div class=\"circle\">C<\/div>\r\n                                <p class=\"testimonial-text team-p-excerpt\">Nous avons eu une excellente exp\u00e9rience avec Inspection Maison Mose. La prise de rendez-vous a \u00e9t\u00e9 rapide et facile, et leur personnel est tr\u00e8s sympathique. Michael \u00e9tait notre inspecteur et a fait un travail fantastique, s\u2019assurant toujours que nous comprenions ses recommandations et encourageant les questions.<\/p>\r\n                                <div class=\"stars\">\u2605\u2605\u2605\u2605\u2605<\/div>\r\n                                <p class=\"name\">C.S.<\/p>\r\n                            <\/div>\r\n                          <\/div><div class=\"swiper-slide\">\r\n                            <div class=\"testimonial-card\">\r\n                                <div class=\"circle\">M<\/div>\r\n                                <p class=\"testimonial-text team-p-excerpt\">En tant que professionnel de l\u2019immobilier, j\u2019ai fait appel aux services d\u2019Inspection Maison Mose \u00e0 plusieurs reprises et j\u2019ai toujours \u00e9t\u00e9 impressionn\u00e9 par leur efficacit\u00e9, leur professionnalisme et leur souci du d\u00e9tail. Michael Kallaur, en particulier, est exceptionnel \u2013 sa rigueur et sa communication rapide et claire rendent chaque transaction fluide.<\/p>\r\n                                <div class=\"stars\">\u2605\u2605\u2605\u2605\u2605<\/div>\r\n                                <p class=\"name\">M.M.<\/p>\r\n                            <\/div>\r\n                          <\/div><div class=\"swiper-slide\">\r\n                            <div class=\"testimonial-card\">\r\n                                <div class=\"circle\">M<\/div>\r\n                                <p class=\"testimonial-text team-p-excerpt\">Notre inspecteur de chez Mose, Michael Kallaur, \u00e9tait excellent. Il a inspect\u00e9 deux maisons pour nous, dont une avec une situation un peu d\u00e9licate. Il a fait tout son possible pour s\u2019assurer que la maison soit bien inspect\u00e9e, revenant m\u00eame une seconde fois (le plus t\u00f4t possible) car une zone \u00e9tait inaccessible lors de la premi\u00e8re visite. Michael nous a donn\u00e9 confiance maintenant et pour l\u2019avenir. 10\/10 je recommande.<\/p>\r\n                                <div class=\"stars\">\u2605\u2605\u2605\u2605\u2605<\/div>\r\n                                <p class=\"name\">M.K.<\/p>\r\n                            <\/div>\r\n                          <\/div><div class=\"swiper-slide\">\r\n                            <div class=\"testimonial-card\">\r\n                                <div class=\"circle\">L<\/div>\r\n                                <p class=\"testimonial-text team-p-excerpt\">Mon mari et moi avons achet\u00e9 notre premi\u00e8re maison et Carol nous avait \u00e9t\u00e9 vivement recommand\u00e9e comme inspectrice \u2013 nous n\u2019aurions pas pu \u00eatre plus satisfaits de ses services ! Elle \u00e9tait ponctuelle, r\u00e9active par courriel et a trouv\u00e9 une disponibilit\u00e9 pour venir inspecter notre nouvelle maison en quelques jours seulement. Elle a pass\u00e9 beaucoup de temps \u00e0 examiner chaque d\u00e9tail et \u00e0 nous informer sur tous les probl\u00e8mes de la maison de mani\u00e8re professionnelle et amicale. Nous nous sommes sentis en confiance dans notre achat. Elle \u00e9tait merveilleuse et nous la recommandons sans h\u00e9siter !<\/p>\r\n                                <div class=\"stars\">\u2605\u2605\u2605\u2605\u2605<\/div>\r\n                                <p class=\"name\">L.M.<\/p>\r\n                            <\/div>\r\n                          <\/div><div class=\"swiper-slide\">\r\n                            <div class=\"testimonial-card\">\r\n                                <div class=\"circle\">E<\/div>\r\n                                <p class=\"testimonial-text team-p-excerpt\">Le groupe Cardinal Realty fait confiance \u00e0 Inspection Maison Mose pour tous ses clients acheteurs. Leur service et leur professionnalisme sont in\u00e9gal\u00e9s et constants dans chaque transaction, peu importe la taille ou le type de propri\u00e9t\u00e9 ! Les rapports sont clairs, concis, envoy\u00e9s rapidement et faciles \u00e0 lire. Vous serez entre bonnes mains et vous ne voudrez plus jamais aller ailleurs.<\/p>\r\n                                <div class=\"stars\">\u2605\u2605\u2605\u2605\u2605<\/div>\r\n                                <p class=\"name\">E.G.<\/p>\r\n                            <\/div>\r\n                          <\/div><div class=\"swiper-slide\">\r\n                            <div class=\"testimonial-card\">\r\n                                <div class=\"circle\">P<\/div>\r\n                                <p class=\"testimonial-text team-p-excerpt\">J\u2019ai eu la chance de travailler avec Renaud L\u00e9vesque pour l\u2019inspection de mon condo \u00e0 Montr\u00e9al. Il a \u00e9t\u00e9 d\u2019un professionnalisme impeccable, d\u2019une gentillesse exemplaire et d\u2019une aide pr\u00e9cieuse. Il est all\u00e9 au-del\u00e0 de son mandat pour me montrer comment entretenir certains appareils et a pris le temps de m\u2019expliquer ce que ses observations signifiaient. J\u2019ai beaucoup appr\u00e9ci\u00e9 et je le recommande tr\u00e8s chaleureusement. Merci Renaud.<\/p>\r\n                                <div class=\"stars\">\u2605\u2605\u2605\u2605\u2605<\/div>\r\n                                <p class=\"name\">P.D.<\/p>\r\n                            <\/div>\r\n                          <\/div><div class=\"swiper-slide\">\r\n                            <div class=\"testimonial-card\">\r\n                                <div class=\"circle\">A<\/div>\r\n                                <p class=\"testimonial-text team-p-excerpt\">Excellente exp\u00e9rience globale, de la r\u00e9servation \u00e0 la fin de l\u2019inspection. Andrew, l\u2019inspecteur, \u00e9tait tr\u00e8s sympathique, respectueux, professionnel, minutieux et serviable. Il expliquait bien les choses et s\u2019est m\u00eame rendu disponible apr\u00e8s l\u2019inspection pour toute question. Je suis content d\u2019avoir choisi Mose.<\/p>\r\n                                <div class=\"stars\">\u2605\u2605\u2605\u2605\u2605<\/div>\r\n                                <p class=\"name\">A.B.<\/p>\r\n                            <\/div>\r\n                          <\/div><div class=\"swiper-slide\">\r\n                            <div class=\"testimonial-card\">\r\n                                <div class=\"circle\">J<\/div>\r\n                                <p class=\"testimonial-text team-p-excerpt\">J\u2019ai achet\u00e9 une maison durant une p\u00e9riode tr\u00e8s charg\u00e9e, dans un march\u00e9 tr\u00e8s actif. L\u2019inspection devait se faire rapidement et ils ont trouv\u00e9 un cr\u00e9neau d\u00e8s le lendemain de ma demande. L\u2019inspecteur \u00e9tait professionnel, tr\u00e8s minutieux et amical. Je recommande fortement.<\/p>\r\n                                <div class=\"stars\">\u2605\u2605\u2605\u2605\u2605<\/div>\r\n                                <p class=\"name\">J.V.<\/p>\r\n                            <\/div>\r\n                          <\/div><div class=\"swiper-slide\">\r\n                            <div class=\"testimonial-card\">\r\n                                <div class=\"circle\">G<\/div>\r\n                                <p class=\"testimonial-text team-p-excerpt\">En tant qu\u2019acheteur d\u2019une premi\u00e8re maison, toutes les \u00e9tapes du processus \u00e9taient nouvelles pour moi. Gerry m\u2019a patiemment expliqu\u00e9 ce qu\u2019il v\u00e9rifiait et ses r\u00e9sultats pr\u00e9liminaires au fur et \u00e0 mesure. Il m\u2019a \u00e9galement donn\u00e9 des astuces et des conseils pour certaines t\u00e2ches d\u2019entretien que j\u2019aurais d\u00fb d\u00e9couvrir par moi-m\u00eame. Service de premi\u00e8re classe !<\/p>\r\n                                <div class=\"stars\">\u2605\u2605\u2605\u2605\u2605<\/div>\r\n                                <p class=\"name\">G.R.<\/p>\r\n                            <\/div>\r\n                          <\/div>            <\/div>\r\n            <div class=\"swiper-pagination\"><\/div>\r\n        <\/div>\r\n    <\/div>\r\n\r\n\r\n    <!-- Init Script -->\r\n    <script>\r\n    document.addEventListener('DOMContentLoaded', function () {\r\n        new Swiper(\".mySwiper\", {\r\n            autoplay: {\r\n                delay: 3000,\r\n                disableOnInteraction: false\r\n            },\r\n            keyboard: {\r\n                enabled: true,\r\n            },\r\n            grabCursor: true,\r\n            loop: true,\r\n            spaceBetween: 12,\r\n            pagination: {\r\n                el: \".swiper-pagination\",\r\n                clickable: true,\r\n            },\r\n            breakpoints: {\r\n                340: { slidesPerView: 1, spaceBetween: 10, centeredSlides: true },\r\n                768: { slidesPerView: 2, spaceBetween: 10, centeredSlides: true },\r\n                1024: { slidesPerView: 4, spaceBetween: 12 },\r\n                1920: { slidesPerView: 4, spaceBetween: 12 }\r\n            }\r\n        });\r\n    });\r\n    <\/script>\r\n\r\n    <style>\r\n    .testimonial-swiper-container {\r\n        width: 100%;\r\n        margin: 0 auto;\r\n        cursor: grab;\r\n    }\r\n    .swiper {\r\n        padding-bottom: 2rem;\r\n        width: 100%;\r\n    }\r\n    .testimonial-swiper-container .swiper-slide {\r\n        background: #F9F9F9;\r\n        border-radius: 1rem;\r\n        padding: 1.5rem;\r\n        display: flex;\r\n        flex-direction: column;\r\n        justify-content: space-between;\r\n        margin-right: 20px;\r\n    }\r\n    .testimonial-card {\r\n        display: flex;\r\n        flex-direction: column;\r\n        gap: 1rem;\r\n    }\r\n    .circle {\r\n        background-color: #0b2e59;\r\n        color: white;\r\n        width: 45px;\r\n        height: 45px;\r\n        border-radius: 50%;\r\n        font-weight: bold;\r\n        display: flex;\r\n        align-items: center;\r\n        justify-content: center;\r\n        font-size: 20px;\r\n    }\r\n    .testimonial-text {\r\n        font-family: 'Inter';\r\n        font-weight: 300;\r\n        font-size: 16px;\r\n        line-height: 24px;\r\n        color: rgba(2,51,104,0.7);\r\n        display: -webkit-box;\r\n        -webkit-box-orient: vertical;\r\n        -webkit-line-clamp: 8;\r\n        align-self: stretch;\r\n        overflow: hidden;\r\n        text-overflow: ellipsis;\r\n    }\r\n    .stars {\r\n        color: gold;\r\n        font-size: 18px;\r\n        letter-spacing: 2px;\r\n    }\r\n    .post-content p.name {\r\n        font-family: 'Allison' !important;\r\n        color: #023368 !important;\r\n        font-size: 32px !important;\r\n    }\r\n    .swiper-pagination-horizontal.swiper-pagination-bullets {\r\n        justify-content: center;\r\n    }\r\n    .swiper-pagination-clickable .swiper-pagination-bullet {\r\n        background: #023368 !important;\r\n    }\r\n    @media(max-width:1919px) {\r\n        .testimonial-text {\r\n            line-height: 26px !important;\r\n        }\r\n        .post-content p.name {\r\n            font-size: 24px !important;\r\n        }\r\n    }\r\n    <\/style>\r\n    \n<\/div><\/div><\/div><\/div>\n<\/p>\n","protected":false},"excerpt":{"rendered":"","protected":false},"author":2,"featured_media":0,"parent":0,"menu_order":0,"comment_status":"closed","ping_status":"closed","template":"100-width.php","meta":{"_acf_changed":false,"footnotes":""},"class_list":["post-2257","page","type-page","status-publish","hentry"],"acf":[],"_links":{"self":[{"href":"https:\/\/mosehomeinspection.com\/fr\/wp-json\/wp\/v2\/pages\/2257","targetHints":{"allow":["GET"]}}],"collection":[{"href":"https:\/\/mosehomeinspection.com\/fr\/wp-json\/wp\/v2\/pages"}],"about":[{"href":"https:\/\/mosehomeinspection.com\/fr\/wp-json\/wp\/v2\/types\/page"}],"author":[{"embeddable":true,"href":"https:\/\/mosehomeinspection.com\/fr\/wp-json\/wp\/v2\/users\/2"}],"replies":[{"embeddable":true,"href":"https:\/\/mosehomeinspection.com\/fr\/wp-json\/wp\/v2\/comments?post=2257"}],"version-history":[{"count":0,"href":"https:\/\/mosehomeinspection.com\/fr\/wp-json\/wp\/v2\/pages\/2257\/revisions"}],"wp:attachment":[{"href":"https:\/\/mosehomeinspection.com\/fr\/wp-json\/wp\/v2\/media?parent=2257"}],"curies":[{"name":"wp","href":"https:\/\/api.w.org\/{rel}","templated":true}]}}